{"id":2298,"date":"2024-02-12T12:44:07","date_gmt":"2024-02-12T10:44:07","guid":{"rendered":"https:\/\/laiusepk.edu.ee\/?page_id=2298"},"modified":"2026-02-17T15:12:48","modified_gmt":"2026-02-17T13:12:48","slug":"robootikapaev-2024","status":"publish","type":"page","link":"https:\/\/laiusepk.edu.ee\/?page_id=2298","title":{"rendered":"Robootikap\u00e4ev 2026"},"content":{"rendered":"<p><span style=\"font-family: 'times new roman', times, serif; font-size: 12pt;\">J\u00e4rjekordne Laiuse Robootikap\u00e4ev toimub <strong>27.<\/strong> <strong>m\u00e4rtsil<\/strong>\u00a0Laiuse Jaan Poska P\u00f5hikoolis.<\/span><\/p>\n<p><span style=\"font-family: 'times new roman', times, serif; font-size: 12pt;\">V\u00f5istluste algus kell <strong>13.00<\/strong><\/span><\/p>\n<p><span style=\"font-family: 'times new roman', times, serif; font-size: 12pt;\">Kavas: Lego kiirendusv\u00f5istlus; Lego k\u00f6ievedu; Lego m\u00e4kket\u00f5us; Eriskummalised\u00a0 s\u00f5idukid; <\/span><span style=\"font-family: 'times new roman', times, serif; font-size: 12pt;\">\u00a0&#8220;Lego maailm&#8221;<\/span><span style=\"font-family: 'times new roman', times, serif; font-size: 12pt;\">n\u00e4itus<\/span><\/p>\n<p><span style=\"font-family: 'times new roman', times, serif; font-size: 12pt;\">Eraldi v\u00f5istlusklassid Lego Wedo2 robotitele!<\/span><\/p>\n<p><span style=\"font-family: 'times new roman', times, serif; font-size: 12pt;\">V\u00f5istkonna suurus kuni 3 liiget.<\/span><\/p>\n<p><span style=\"font-family: 'times new roman', times, serif; font-size: 12pt;\"><strong>Registreerimiseks kuni 21.m\u00e4rtsini<\/strong> vajuta <a href=\"https:\/\/forms.gle\/Uv1bHqM7mfG8yZGz7\">siia<\/a><\/span><\/p>\n<p><strong><span style=\"font-family: 'times new roman', times, serif; font-size: 14pt; color: #000000;\">Reeglid<\/span><\/strong><\/p>\n<p><a href=\"https:\/\/laiusepk.edu.ee\/wp-content\/uploads\/2024\/02\/LEGO_koievedu_reeglid_2024.pdf\"><span style=\"font-family: 'times new roman', times, serif; font-size: 12pt;\">Lego EV3, Nxt, Spike k\u00f6ievedu<\/span><\/a><\/p>\n<p><a href=\"https:\/\/laiusepk.edu.ee\/wp-content\/uploads\/2025\/01\/LEGO_Wedo2_koievedu_reeglid_2025.pdf\"><span style=\"font-family: 'times new roman', times, serif; font-size: 12pt;\">Lego Wedo2 k\u00f6ievedu<\/span><\/a><\/p>\n<p><a href=\"https:\/\/laiusepk.edu.ee\/wp-content\/uploads\/2024\/02\/LEGO_kiirendusvoistlus_reeglid_2024.pdf\"><span style=\"font-family: 'times new roman', times, serif; font-size: 12pt;\">Lego EV3, Nxt, Spike, Wedo2\u00a0 kiirendusv\u00f5istlus<\/span><\/a><\/p>\n<p><a href=\"https:\/\/laiusepk.edu.ee\/wp-content\/uploads\/2024\/02\/Lego_makketous_2024.pdf\"><span style=\"font-family: 'times new roman', times, serif; font-size: 12pt;\">Lego m\u00e4kket\u00f5us<\/span><\/a><\/p>\n<p><a href=\"https:\/\/laiusepk.edu.ee\/wp-content\/uploads\/2025\/01\/Eriskummaline-soiduk.pdf\"><span style=\"font-family: 'times new roman', times, serif; font-size: 12pt;\">Eriskummaline s\u00f5iduk<\/span><\/a><\/p>\n<p><span style=\"font-family: 'times new roman', times, serif; font-size: 12pt;\">&#8220;Lego maailma&#8221; n\u00e4itusele on oodatud enda ehitatud s\u00f5idukid, majad, pargid, p\u00f5llud, aiamaad, t\u00f6\u00f6stuspargid vms.<\/span><\/p>\n<p><span style=\"font-family: 'times new roman', times, serif; font-size: 12pt;\">Parimatele auhinnad. S\u00f6\u00f6me \u00fcheskoos p\u00e4eva l\u00f5petamisel kringlit.<\/span><\/p>\n<p><span style=\"font-family: 'times new roman', times, serif; font-size: 12pt;\">Palume kindlasti kaasa v\u00f5tta vahetusjalan\u00f5ud!<\/span><\/p>\n<p><span style=\"font-family: 'times new roman', times, serif; font-size: 12pt;\">Robootikap\u00e4eva orienteeruv l\u00f5pp kell 16.30<\/span><\/p>\n","protected":false},"excerpt":{"rendered":"<p>J\u00e4rjekordne Laiuse Robootikap\u00e4ev toimub 27. m\u00e4rtsil\u00a0Laiuse Jaan Poska P\u00f5hikoolis. V\u00f5istluste algus kell 13.00 Kavas: Lego kiirendusv\u00f5istlus; Lego k\u00f6ievedu; Lego m\u00e4kket\u00f5us; Eriskummalised\u00a0 s\u00f5idukid; \u00a0&#8220;Lego maailm&#8221;n\u00e4itus Eraldi v\u00f5istlusklassid Lego Wedo2 robotitele! V\u00f5istkonna suurus kuni 3 liiget. Registreerimiseks kuni 21.m\u00e4rtsini vajuta siia Reeglid Lego EV3, Nxt, Spike k\u00f6ievedu Lego Wedo2 k\u00f6ievedu Lego EV3, Nxt, Spike, Wedo2\u00a0 kiirendusv\u00f5istlus Lego&hellip;<\/p>\n","protected":false},"author":1,"featured_media":0,"parent":0,"menu_order":0,"comment_status":"closed","ping_status":"closed","template":"","meta":{"_crdt_document":"","_uag_custom_page_level_css":"","footnotes":""},"class_list":["post-2298","page","type-page","status-publish","hentry"],"uagb_featured_image_src":{"full":false,"thumbnail":false,"medium":false,"medium_large":false,"large":false,"1536x1536":false,"2048x2048":false,"post-thumbnail":false},"uagb_author_info":{"display_name":"admin","author_link":"https:\/\/laiusepk.edu.ee\/?author=1"},"uagb_comment_info":0,"uagb_excerpt":"J\u00e4rjekordne Laiuse Robootikap\u00e4ev toimub 27. m\u00e4rtsil\u00a0Laiuse Jaan Poska P\u00f5hikoolis. V\u00f5istluste algus kell 13.00 Kavas: Lego kiirendusv\u00f5istlus; Lego k\u00f6ievedu; Lego m\u00e4kket\u00f5us; Eriskummalised\u00a0 s\u00f5idukid; \u00a0&#8220;Lego maailm&#8221;n\u00e4itus Eraldi v\u00f5istlusklassid Lego Wedo2 robotitele! V\u00f5istkonna suurus kuni 3 liiget. Registreerimiseks kuni 21.m\u00e4rtsini vajuta siia Reeglid Lego EV3, Nxt, Spike k\u00f6ievedu Lego Wedo2 k\u00f6ievedu Lego EV3, Nxt, Spike, Wedo2\u00a0 kiirendusv\u00f5istlus Lego&hellip;","_links":{"self":[{"href":"https:\/\/laiusepk.edu.ee\/index.php?rest_route=\/wp\/v2\/pages\/2298","targetHints":{"allow":["GET"]}}],"collection":[{"href":"https:\/\/laiusepk.edu.ee\/index.php?rest_route=\/wp\/v2\/pages"}],"about":[{"href":"https:\/\/laiusepk.edu.ee\/index.php?rest_route=\/wp\/v2\/types\/page"}],"author":[{"embeddable":true,"href":"https:\/\/laiusepk.edu.ee\/index.php?rest_route=\/wp\/v2\/users\/1"}],"replies":[{"embeddable":true,"href":"https:\/\/laiusepk.edu.ee\/index.php?rest_route=%2Fwp%2Fv2%2Fcomments&post=2298"}],"version-history":[{"count":22,"href":"https:\/\/laiusepk.edu.ee\/index.php?rest_route=\/wp\/v2\/pages\/2298\/revisions"}],"predecessor-version":[{"id":3109,"href":"https:\/\/laiusepk.edu.ee\/index.php?rest_route=\/wp\/v2\/pages\/2298\/revisions\/3109"}],"wp:attachment":[{"href":"https:\/\/laiusepk.edu.ee\/index.php?rest_route=%2Fwp%2Fv2%2Fmedia&parent=2298"}],"curies":[{"name":"wp","href":"https:\/\/api.w.org\/{rel}","templated":true}]}}