{"id":222,"date":"2018-08-06T11:31:24","date_gmt":"2018-08-06T09:31:24","guid":{"rendered":"http:\/\/laiusepk.edu.ee\/?page_id=222"},"modified":"2026-03-18T09:05:53","modified_gmt":"2026-03-18T07:05:53","slug":"hoolekogu","status":"publish","type":"page","link":"https:\/\/laiusepk.edu.ee\/?page_id=222","title":{"rendered":"Hoolekogu"},"content":{"rendered":"<p><span style=\"font-family: 'times new roman', times, serif; font-size: 12pt;\">1) Eli \u00c4kke, p\u00f5hikooli kooli \u00f5petajate esindaja;<\/span><br \/>\n<span style=\"font-family: 'times new roman', times, serif; font-size: 12pt;\">2) K\u00e4tlyn Liblik, lasteaia \u00f5petajate esindaja;<\/span><br \/>\n<span style=\"font-family: 'times new roman', times, serif; font-size: 12pt;\">3) M\u00e4rt Mihkel M\u00e4rjama, \u00f5pilaste esindaja;<\/span><br \/>\n<span style=\"font-family: 'times new roman', times, serif; font-size: 12pt;\">4) Evelin Aia, lasteaia vanemate esindaja;<\/span><br \/>\n<span style=\"font-family: 'times new roman', times, serif; font-size: 12pt;\">5) Kaja Luik, p\u00f5hikooli vanemate esindaja;<\/span><br \/>\n<span style=\"font-family: 'times new roman', times, serif; font-size: 12pt;\">6) Ain Ratassepp, p\u00f5hikooli vanemate esindaja;<\/span><br \/>\n<span style=\"font-family: 'times new roman', times, serif; font-size: 12pt;\">7) Kadri Saar, vilistlaste esindaja;<\/span><br \/>\n<span style=\"font-family: 'times new roman', times, serif; font-size: 12pt;\">8) Leina Kreek, kooli toetava organisatsiooni esindaja;<\/span><br \/>\n<span style=\"font-family: 'times new roman', times, serif; font-size: 12pt;\">9) Tiina Teppan, kooli pidaja esindaja.<\/span><\/p>\n","protected":false},"excerpt":{"rendered":"<p>1) Eli \u00c4kke, p\u00f5hikooli kooli \u00f5petajate esindaja; 2) K\u00e4tlyn Liblik, lasteaia \u00f5petajate esindaja; 3) M\u00e4rt Mihkel M\u00e4rjama, \u00f5pilaste esindaja; 4) Evelin Aia, lasteaia vanemate esindaja; 5) Kaja Luik, p\u00f5hikooli vanemate esindaja; 6) Ain Ratassepp, p\u00f5hikooli vanemate esindaja; 7) Kadri Saar, vilistlaste esindaja; 8) Leina Kreek, kooli toetava organisatsiooni esindaja; 9) Tiina Teppan, kooli pidaja esindaja.<\/p>\n","protected":false},"author":1,"featured_media":0,"parent":214,"menu_order":0,"comment_status":"closed","ping_status":"closed","template":"","meta":{"_crdt_document":"","_uag_custom_page_level_css":"","footnotes":""},"class_list":["post-222","page","type-page","status-publish","hentry"],"uagb_featured_image_src":{"full":false,"thumbnail":false,"medium":false,"medium_large":false,"large":false,"1536x1536":false,"2048x2048":false,"post-thumbnail":false},"uagb_author_info":{"display_name":"admin","author_link":"https:\/\/laiusepk.edu.ee\/?author=1"},"uagb_comment_info":0,"uagb_excerpt":"1) Eli \u00c4kke, p\u00f5hikooli kooli \u00f5petajate esindaja; 2) K\u00e4tlyn Liblik, lasteaia \u00f5petajate esindaja; 3) M\u00e4rt Mihkel M\u00e4rjama, \u00f5pilaste esindaja; 4) Evelin Aia, lasteaia vanemate esindaja; 5) Kaja Luik, p\u00f5hikooli vanemate esindaja; 6) Ain Ratassepp, p\u00f5hikooli vanemate esindaja; 7) Kadri Saar, vilistlaste esindaja; 8) Leina Kreek, kooli toetava organisatsiooni esindaja; 9) Tiina Teppan, kooli pidaja esindaja.","_links":{"self":[{"href":"https:\/\/laiusepk.edu.ee\/index.php?rest_route=\/wp\/v2\/pages\/222","targetHints":{"allow":["GET"]}}],"collection":[{"href":"https:\/\/laiusepk.edu.ee\/index.php?rest_route=\/wp\/v2\/pages"}],"about":[{"href":"https:\/\/laiusepk.edu.ee\/index.php?rest_route=\/wp\/v2\/types\/page"}],"author":[{"embeddable":true,"href":"https:\/\/laiusepk.edu.ee\/index.php?rest_route=\/wp\/v2\/users\/1"}],"replies":[{"embeddable":true,"href":"https:\/\/laiusepk.edu.ee\/index.php?rest_route=%2Fwp%2Fv2%2Fcomments&post=222"}],"version-history":[{"count":11,"href":"https:\/\/laiusepk.edu.ee\/index.php?rest_route=\/wp\/v2\/pages\/222\/revisions"}],"predecessor-version":[{"id":3131,"href":"https:\/\/laiusepk.edu.ee\/index.php?rest_route=\/wp\/v2\/pages\/222\/revisions\/3131"}],"up":[{"embeddable":true,"href":"https:\/\/laiusepk.edu.ee\/index.php?rest_route=\/wp\/v2\/pages\/214"}],"wp:attachment":[{"href":"https:\/\/laiusepk.edu.ee\/index.php?rest_route=%2Fwp%2Fv2%2Fmedia&parent=222"}],"curies":[{"name":"wp","href":"https:\/\/api.w.org\/{rel}","templated":true}]}}