{"id":1354,"date":"2020-10-23T10:29:12","date_gmt":"2020-10-23T08:29:12","guid":{"rendered":"https:\/\/laiusepk.edu.ee\/?page_id=1354"},"modified":"2020-10-23T10:33:56","modified_gmt":"2020-10-23T08:33:56","slug":"2020-a","status":"publish","type":"page","link":"https:\/\/laiusepk.edu.ee\/?page_id=1354","title":{"rendered":"2020. a."},"content":{"rendered":"<p><span style=\"font-family: 'times new roman', times, serif; font-size: 12pt;\">Raimond Heiki Ipsberg<\/span><\/p>\n<p><span style=\"font-family: 'times new roman', times, serif; font-size: 12pt;\">K\u00e4trin Kalajas<\/span><\/p>\n<p><span style=\"font-family: 'times new roman', times, serif; font-size: 12pt;\">Timo K\u00f5rts<\/span><\/p>\n<p><span style=\"font-family: 'times new roman', times, serif; font-size: 12pt;\">Laura Liblik<\/span><\/p>\n<p><span style=\"font-family: 'times new roman', times, serif; font-size: 12pt;\">Eldar M\u00e4gi<\/span><\/p>\n<p><span style=\"font-family: 'times new roman', times, serif; font-size: 12pt;\">Karoliina Purik<\/span><\/p>\n<p><span style=\"font-family: 'times new roman', times, serif; font-size: 12pt;\">Ardi P\u00e4rtelpoeg<\/span><\/p>\n<p><span style=\"font-family: 'times new roman', times, serif; font-size: 12pt;\">Klassijuhataja: Siiri Rahn<\/span><\/p>\n<p>&nbsp;<\/p>\n","protected":false},"excerpt":{"rendered":"<p>Raimond Heiki Ipsberg K\u00e4trin Kalajas Timo K\u00f5rts Laura Liblik Eldar M\u00e4gi Karoliina Purik Ardi P\u00e4rtelpoeg Klassijuhataja: Siiri Rahn &nbsp;<\/p>\n","protected":false},"author":1,"featured_media":0,"parent":0,"menu_order":0,"comment_status":"closed","ping_status":"closed","template":"","meta":{"_crdt_document":"","_uag_custom_page_level_css":"","footnotes":""},"class_list":["post-1354","page","type-page","status-publish","hentry"],"uagb_featured_image_src":{"full":false,"thumbnail":false,"medium":false,"medium_large":false,"large":false,"1536x1536":false,"2048x2048":false,"post-thumbnail":false},"uagb_author_info":{"display_name":"admin","author_link":"https:\/\/laiusepk.edu.ee\/?author=1"},"uagb_comment_info":0,"uagb_excerpt":"Raimond Heiki Ipsberg K\u00e4trin Kalajas Timo K\u00f5rts Laura Liblik Eldar M\u00e4gi Karoliina Purik Ardi P\u00e4rtelpoeg Klassijuhataja: Siiri Rahn &nbsp;","_links":{"self":[{"href":"https:\/\/laiusepk.edu.ee\/index.php?rest_route=\/wp\/v2\/pages\/1354","targetHints":{"allow":["GET"]}}],"collection":[{"href":"https:\/\/laiusepk.edu.ee\/index.php?rest_route=\/wp\/v2\/pages"}],"about":[{"href":"https:\/\/laiusepk.edu.ee\/index.php?rest_route=\/wp\/v2\/types\/page"}],"author":[{"embeddable":true,"href":"https:\/\/laiusepk.edu.ee\/index.php?rest_route=\/wp\/v2\/users\/1"}],"replies":[{"embeddable":true,"href":"https:\/\/laiusepk.edu.ee\/index.php?rest_route=%2Fwp%2Fv2%2Fcomments&post=1354"}],"version-history":[{"count":2,"href":"https:\/\/laiusepk.edu.ee\/index.php?rest_route=\/wp\/v2\/pages\/1354\/revisions"}],"predecessor-version":[{"id":1360,"href":"https:\/\/laiusepk.edu.ee\/index.php?rest_route=\/wp\/v2\/pages\/1354\/revisions\/1360"}],"wp:attachment":[{"href":"https:\/\/laiusepk.edu.ee\/index.php?rest_route=%2Fwp%2Fv2%2Fmedia&parent=1354"}],"curies":[{"name":"wp","href":"https:\/\/api.w.org\/{rel}","templated":true}]}}