{"id":1349,"date":"2020-10-23T10:21:19","date_gmt":"2020-10-23T08:21:19","guid":{"rendered":"https:\/\/laiusepk.edu.ee\/?page_id=1349"},"modified":"2020-10-23T10:33:40","modified_gmt":"2020-10-23T08:33:40","slug":"2018-a","status":"publish","type":"page","link":"https:\/\/laiusepk.edu.ee\/?page_id=1349","title":{"rendered":"2018. a."},"content":{"rendered":"<p class=\"student_name\"><span style=\"font-family: 'times new roman', times, serif; font-size: 12pt;\">Aron Aland<\/span><\/p>\n<p><span style=\"font-family: 'times new roman', times, serif; font-size: 12pt;\">K\u00fcllike Annuk<\/span><\/p>\n<p><span style=\"font-family: 'times new roman', times, serif; font-size: 12pt;\">Kaur Rihard Grauen<\/span><\/p>\n<p><span style=\"font-family: 'times new roman', times, serif; font-size: 12pt;\">Tanel Lillem\u00e4e<\/span><\/p>\n<p><span style=\"font-family: 'times new roman', times, serif; font-size: 12pt;\">Janeliis Mattis<\/span><\/p>\n<p><span style=\"font-family: 'times new roman', times, serif; font-size: 12pt;\">Kaarel Mihhailov<\/span><\/p>\n<p><span style=\"font-family: 'times new roman', times, serif; font-size: 12pt;\">Andreas Ploovits<\/span><\/p>\n<p><span style=\"font-family: 'times new roman', times, serif; font-size: 12pt;\">M\u00e4rt Sokk<\/span><\/p>\n<p><span style=\"font-family: 'times new roman', times, serif; font-size: 12pt;\">Angela Traks<\/span><\/p>\n<p><span style=\"font-family: 'times new roman', times, serif; font-size: 12pt;\">Kerli Vink<\/span><\/p>\n<p><span style=\"font-family: 'times new roman', times, serif; font-size: 12pt;\">Eveliis V\u00e4ljaots<\/span><\/p>\n<p><span style=\"font-family: 'times new roman', times, serif; font-size: 12pt;\">Klassijuhataja: Kertu Kuld<\/span><\/p>\n<h2 class=\"student_name\"><\/h2>\n<p>&nbsp;<\/p>\n<p>&nbsp;<\/p>\n","protected":false},"excerpt":{"rendered":"<p>Aron Aland K\u00fcllike Annuk Kaur Rihard Grauen Tanel Lillem\u00e4e Janeliis Mattis Kaarel Mihhailov Andreas Ploovits M\u00e4rt Sokk Angela Traks Kerli Vink Eveliis V\u00e4ljaots Klassijuhataja: Kertu Kuld &nbsp; &nbsp;<\/p>\n","protected":false},"author":1,"featured_media":0,"parent":0,"menu_order":0,"comment_status":"closed","ping_status":"closed","template":"","meta":{"_crdt_document":"","_uag_custom_page_level_css":"","footnotes":""},"class_list":["post-1349","page","type-page","status-publish","hentry"],"uagb_featured_image_src":{"full":false,"thumbnail":false,"medium":false,"medium_large":false,"large":false,"1536x1536":false,"2048x2048":false,"post-thumbnail":false},"uagb_author_info":{"display_name":"admin","author_link":"https:\/\/laiusepk.edu.ee\/?author=1"},"uagb_comment_info":0,"uagb_excerpt":"Aron Aland K\u00fcllike Annuk Kaur Rihard Grauen Tanel Lillem\u00e4e Janeliis Mattis Kaarel Mihhailov Andreas Ploovits M\u00e4rt Sokk Angela Traks Kerli Vink Eveliis V\u00e4ljaots Klassijuhataja: Kertu Kuld &nbsp; &nbsp;","_links":{"self":[{"href":"https:\/\/laiusepk.edu.ee\/index.php?rest_route=\/wp\/v2\/pages\/1349","targetHints":{"allow":["GET"]}}],"collection":[{"href":"https:\/\/laiusepk.edu.ee\/index.php?rest_route=\/wp\/v2\/pages"}],"about":[{"href":"https:\/\/laiusepk.edu.ee\/index.php?rest_route=\/wp\/v2\/types\/page"}],"author":[{"embeddable":true,"href":"https:\/\/laiusepk.edu.ee\/index.php?rest_route=\/wp\/v2\/users\/1"}],"replies":[{"embeddable":true,"href":"https:\/\/laiusepk.edu.ee\/index.php?rest_route=%2Fwp%2Fv2%2Fcomments&post=1349"}],"version-history":[{"count":3,"href":"https:\/\/laiusepk.edu.ee\/index.php?rest_route=\/wp\/v2\/pages\/1349\/revisions"}],"predecessor-version":[{"id":1359,"href":"https:\/\/laiusepk.edu.ee\/index.php?rest_route=\/wp\/v2\/pages\/1349\/revisions\/1359"}],"wp:attachment":[{"href":"https:\/\/laiusepk.edu.ee\/index.php?rest_route=%2Fwp%2Fv2%2Fmedia&parent=1349"}],"curies":[{"name":"wp","href":"https:\/\/api.w.org\/{rel}","templated":true}]}}