{"id":1319,"date":"2020-10-23T08:38:28","date_gmt":"2020-10-23T06:38:28","guid":{"rendered":"https:\/\/laiusepk.edu.ee\/?page_id=1319"},"modified":"2026-01-06T09:29:34","modified_gmt":"2026-01-06T07:29:34","slug":"kool","status":"publish","type":"page","link":"https:\/\/laiusepk.edu.ee\/?page_id=1319","title":{"rendered":"Kool"},"content":{"rendered":"<p><strong><span style=\"font-family: 'times new roman', times, serif; font-size: 14pt;\">KOOLIST<\/span><\/strong><\/p>\n<p><span style=\"font-family: 'times new roman', times, serif; font-size: 12pt;\">Laiuse Jaan Poska P\u00f5hikool on lapses\u00f5bralik asutus, mis valmistab kooliks ja igap\u00e4evaeluks ette lapsi. Oleme tunnustatud ja soovitud \u00f5ppeasutus lastele ja vanematele nii kogukonnas kui ka vallas. Meie kooli arengukeskkond on lastele turvaline, \u00f5pitase hea, laste loovuses ja arengus arvestatakse iga\u00fche erip\u00e4raga. Oleme loonud head v\u00f5imalused ja tingimused selleks, et lapsest kujuneks terviklik isiksus, kes on sotsiaalselt tundlik, vaimselt erk, kaasinimesi arvestav ja keskkonda v\u00e4\u00e4rtustav. <\/span><br \/>\n<span style=\"font-family: 'times new roman', times, serif; font-size: 12pt;\">Meie kooli tunnid on vaheldusrikkad. Juhtub nii, et \u00f5piku asemel oleme \u00f5ues, \u00f5petaja asemel on keegi k\u00fclaline, teeme sporti, naudime \u00f5ppek\u00e4ike ja p\u00f5nevaid kohtumisi. Osaleme \u00e4gedalt ja tulemusrikkalt erinevatel ainekonkurssidel. Panustame k\u00f5ik selleks, et j\u00e4rgida oma kooli motot: S\u00c4RAGU IGAS LAPSES P\u00c4IKE!<\/span><br \/>\n<span style=\"font-family: 'times new roman', times, serif; font-size: 12pt;\">Asume J\u00f5gevamaal J\u00f5geva vallas Laiuse alevikus, looduskauni Vooremaa k\u00f5rgeima voore, Laiuse m\u00e4e k\u00fcljel, 10 km J\u00f5gevalt Mustvee suunas.<\/span><br \/>\n<span style=\"font-family: 'times new roman', times, serif; font-size: 12pt;\">Kooli \u00f5pilaskond kujuneb Laiuse aleviku ja selle \u00fcmberkaudsete k\u00fclade lastest ning J\u00f5geva aleviku, J\u00f5geva linna, Sadala aleviku ja Siimusti aleviku lastest. \u00d5pilasi teenindavad valla \u00f5pilasbussid.<\/span><br \/>\n<span style=\"font-family: 'times new roman', times, serif; font-size: 12pt;\">Kooliga on liidetud (aastal 2010) ka Laiuse lasteaed, mis tegutseb omaette hoones. Lasteaia lapsed elavad Laiuse alevikus ja selle \u00fcmberkaudsetes k\u00fclades. Vajadusel saavad lasteaia lapsed kasutada \u00f5pilastransporti.<\/span><br \/>\n<span style=\"font-family: 'times new roman', times, serif; font-size: 12pt;\">K\u00e4esoleval \u00f5ppeaastal \u00f5pib koolis 75 \u00f5pilast. Lasteaia osas on kaks liitr\u00fchma. R\u00fchmas &#8220;Rebased&#8221; 6 ja\u00a0 r\u00fchmas &#8220;Hundid&#8221; 13 last. Kokku 19 poissi ja t\u00fcdrukut.<\/span><\/p>\n<p>&nbsp;<\/p>\n","protected":false},"excerpt":{"rendered":"<p>KOOLIST Laiuse Jaan Poska P\u00f5hikool on lapses\u00f5bralik asutus, mis valmistab kooliks ja igap\u00e4evaeluks ette lapsi. Oleme tunnustatud ja soovitud \u00f5ppeasutus lastele ja vanematele nii kogukonnas kui ka vallas. Meie kooli arengukeskkond on lastele turvaline, \u00f5pitase hea, laste loovuses ja arengus arvestatakse iga\u00fche erip\u00e4raga. Oleme loonud head v\u00f5imalused ja tingimused selleks, et lapsest kujuneks terviklik isiksus,&hellip;<\/p>\n","protected":false},"author":1,"featured_media":0,"parent":0,"menu_order":0,"comment_status":"closed","ping_status":"closed","template":"","meta":{"_crdt_document":"","_uag_custom_page_level_css":"","footnotes":""},"class_list":["post-1319","page","type-page","status-publish","hentry"],"uagb_featured_image_src":{"full":false,"thumbnail":false,"medium":false,"medium_large":false,"large":false,"1536x1536":false,"2048x2048":false,"post-thumbnail":false},"uagb_author_info":{"display_name":"admin","author_link":"https:\/\/laiusepk.edu.ee\/?author=1"},"uagb_comment_info":0,"uagb_excerpt":"KOOLIST Laiuse Jaan Poska P\u00f5hikool on lapses\u00f5bralik asutus, mis valmistab kooliks ja igap\u00e4evaeluks ette lapsi. Oleme tunnustatud ja soovitud \u00f5ppeasutus lastele ja vanematele nii kogukonnas kui ka vallas. Meie kooli arengukeskkond on lastele turvaline, \u00f5pitase hea, laste loovuses ja arengus arvestatakse iga\u00fche erip\u00e4raga. Oleme loonud head v\u00f5imalused ja tingimused selleks, et lapsest kujuneks terviklik isiksus,&hellip;","_links":{"self":[{"href":"https:\/\/laiusepk.edu.ee\/index.php?rest_route=\/wp\/v2\/pages\/1319","targetHints":{"allow":["GET"]}}],"collection":[{"href":"https:\/\/laiusepk.edu.ee\/index.php?rest_route=\/wp\/v2\/pages"}],"about":[{"href":"https:\/\/laiusepk.edu.ee\/index.php?rest_route=\/wp\/v2\/types\/page"}],"author":[{"embeddable":true,"href":"https:\/\/laiusepk.edu.ee\/index.php?rest_route=\/wp\/v2\/users\/1"}],"replies":[{"embeddable":true,"href":"https:\/\/laiusepk.edu.ee\/index.php?rest_route=%2Fwp%2Fv2%2Fcomments&post=1319"}],"version-history":[{"count":11,"href":"https:\/\/laiusepk.edu.ee\/index.php?rest_route=\/wp\/v2\/pages\/1319\/revisions"}],"predecessor-version":[{"id":3069,"href":"https:\/\/laiusepk.edu.ee\/index.php?rest_route=\/wp\/v2\/pages\/1319\/revisions\/3069"}],"wp:attachment":[{"href":"https:\/\/laiusepk.edu.ee\/index.php?rest_route=%2Fwp%2Fv2%2Fmedia&parent=1319"}],"curies":[{"name":"wp","href":"https:\/\/api.w.org\/{rel}","templated":true}]}}