{"id":108,"date":"2018-08-01T09:01:44","date_gmt":"2018-08-01T07:01:44","guid":{"rendered":"http:\/\/laiusepk.edu.ee\/?page_id=108"},"modified":"2024-11-11T12:48:09","modified_gmt":"2024-11-11T10:48:09","slug":"laiuse-jaan-poska-pohikooli-oppekava","status":"publish","type":"page","link":"https:\/\/laiusepk.edu.ee\/?page_id=108","title":{"rendered":"Laiuse Jaan Poska P\u00f5hikooli \u00f5ppekava"},"content":{"rendered":"\r\n<p class=\"wp-block-paragraph\"><span style=\"color: #3366ff;\"><strong><span style=\"font-family: 'times new roman', times, serif; font-size: 12pt;\">\u00d5ppekava\u00a0 <\/span><\/strong><\/span><\/p>\r\n<p><span style=\"color: #3366ff;\"><strong><span style=\"font-family: 'times new roman', times, serif; font-size: 12pt;\">1. Kooli erip\u00e4ra ning \u00f5ppe ja kasvatust\u00f6\u00f6 r\u00f5huasetused<\/span><\/strong><\/span><\/p>\r\n<p><a href=\"https:\/\/laiusepk.edu.ee\/wp-content\/uploads\/2024\/09\/Kooli-vaartused-ja-eripara.pdf\"><span style=\"font-family: 'times new roman', times, serif; font-size: 12pt;\">Kooli v\u00e4\u00e4rtused ja erip\u00e4ra<\/span><\/a><\/p>\r\n<p><a href=\"https:\/\/laiusepk.edu.ee\/wp-content\/uploads\/2024\/09\/Kooli-oppe-kasvatuseesmargid.pdf\"><span style=\"font-family: 'times new roman', times, serif; font-size: 12pt;\">Kooli \u00f5ppe ja kasvatuseesm\u00e4rgid<\/span><\/a><\/p>\r\n<p><a href=\"https:\/\/laiusepk.edu.ee\/wp-content\/uploads\/2024\/09\/Ainevaldkonnasisesed-ja-ulesed-loiminguvoimalused.pdf\"><span style=\"font-family: 'times new roman', times, serif; font-size: 12pt;\">Ainevaldkonnasisesed ja -\u00fclesed l\u00f5iminguv\u00f5imalused<\/span><\/a><\/p>\r\n<p><a href=\"https:\/\/laiusepk.edu.ee\/wp-content\/uploads\/2024\/09\/Uldpadevuste-kujundamise-pohimotted.pdf\"><span style=\"font-family: 'times new roman', times, serif; font-size: 12pt;\">\u00dcldp\u00e4devuste kujundamise p\u00f5him\u00f5tted<\/span><\/a><\/p>\r\n<p><a href=\"https:\/\/laiusepk.edu.ee\/wp-content\/uploads\/2024\/09\/Oppekava-labivate-teemade-kasitlemise-pohimotted.pdf\"><span style=\"font-family: 'times new roman', times, serif; font-size: 12pt;\">\u00d5ppekava l\u00e4bivate teemade k\u00e4sitlemise p\u00f5him\u00f5tted<\/span><\/a><\/p>\r\n<p><span style=\"font-size: 12pt; color: #3366ff;\"><strong><span style=\"font-family: 'times new roman', times, serif;\">2. \u00d5ppekorraldus<\/span><\/strong><\/span><\/p>\r\n<p><a href=\"https:\/\/laiusepk.edu.ee\/wp-content\/uploads\/2024\/09\/Tunnijaotusplaan-oppeaineti-ja-klassiti.pdf\"><span style=\"font-family: 'times new roman', times, serif; font-size: 12pt;\">Tunnijaotusplaan \u00f5ppeaineti ja klassiti<\/span><\/a><\/p>\r\n<p><a href=\"https:\/\/laiusepk.edu.ee\/wp-content\/uploads\/2024\/09\/Lisa-nadalatundide-kasutamine-ja-valikoppeainete-valik.pdf\"><span style=\"font-family: 'times new roman', times, serif; font-size: 12pt;\">Lisa n\u00e4dalatundide kasutamine ja valik\u00f5ppeained kooli \u00f5ppekavas<\/span><\/a><\/p>\r\n<p><a href=\"https:\/\/laiusepk.edu.ee\/wp-content\/uploads\/2024\/09\/Voorkeelte-valik.pdf\"><span style=\"font-family: 'times new roman', times, serif; font-size: 12pt;\">V\u00f5\u00f5rkeelte valik<\/span><\/a><\/p>\r\n<p><a href=\"https:\/\/laiusepk.edu.ee\/wp-content\/uploads\/2024\/09\/OPPEKESKKOND.pdf\"><strong><span style=\"font-family: 'times new roman', times, serif; font-size: 12pt;\">3. \u00d5ppekeskkond<\/span><\/strong><\/a><\/p>\r\n<p><a href=\"https:\/\/laiusepk.edu.ee\/wp-content\/uploads\/2024\/09\/Loovtoode-korraldus.pdf\"><span style=\"font-family: 'times new roman', times, serif; font-size: 12pt;\"><strong>4. III kooliastme loovt\u00f6\u00f6<\/strong><\/span><\/a><\/p>\r\n<p><span style=\"color: #3366ff;\"><strong><span style=\"font-family: 'times new roman', times, serif; font-size: 12pt;\">5. \u00d5pilaste arengu ja \u00f5ppimise toetamine<\/span><\/strong><\/span><\/p>\r\n<p><a href=\"https:\/\/laiusepk.edu.ee\/wp-content\/uploads\/2024\/09\/Paevakava.pdf\"><span style=\"font-family: 'times new roman', times, serif; font-size: 12pt;\">P\u00e4evakava<\/span><\/a><\/p>\r\n<p><a href=\"https:\/\/laiusepk.edu.ee\/wp-content\/uploads\/2024\/09\/Oppetoo-korraldus.pdf\"><span style=\"font-family: 'times new roman', times, serif; font-size: 12pt;\">\u00d5ppet\u00f6\u00f6 korraldus<\/span><\/a><\/p>\r\n<p><a href=\"https:\/\/laiusepk.edu.ee\/wp-content\/uploads\/2024\/09\/Oppetoo-korraldus-distantsoppe-ajal.pdf\"><span style=\"font-family: 'times new roman', times, serif; font-size: 12pt;\">\u00d5ppet\u00f6\u00f6 korraldus distants\u00f5ppe ajal<\/span><\/a><\/p>\r\n<p><a href=\"https:\/\/laiusepk.edu.ee\/wp-content\/uploads\/2024\/09\/Hindamise-korraldus.pdf\"><span style=\"font-family: 'times new roman', times, serif; font-size: 12pt;\">Hindamise korraldus<\/span><\/a><\/p>\r\n<p><a href=\"https:\/\/laiusepk.edu.ee\/wp-content\/uploads\/2024\/09\/Hariduslike-erivajadustega-opilaste-toetamine.pdf\"><strong><span style=\"font-family: 'times new roman', times, serif; font-size: 12pt;\">6. Hariduslike erivajadustega \u00f5pilaste toetamine<\/span><\/strong><\/a><\/p>\r\n<p><a href=\"https:\/\/laiusepk.edu.ee\/wp-content\/uploads\/2024\/09\/Opilaste-karjaarivalikute-toetamine.pdf\"><strong><span style=\"font-family: 'times new roman', times, serif; font-size: 12pt;\">7.\u00d5pilaste karj\u00e4\u00e4rivalikute toetamine<\/span><\/strong><\/a><\/p>\r\n<p><a href=\"https:\/\/laiusepk.edu.ee\/wp-content\/uploads\/2024\/09\/OPILASTE-JA-LASTEVANEMATE-TEAVITAMISE-JA-NOUSTAMISE-KORRALDUS.pdf\"><strong><span style=\"font-family: 'times new roman', times, serif; font-size: 12pt;\">8. \u00d5pilaste ja lastevanemate teavitamine ja n\u00f5ustamine<\/span><\/strong><\/a><\/p>\r\n<p><a href=\"https:\/\/laiusepk.edu.ee\/wp-content\/uploads\/2024\/09\/Opetajate-koostoo-ja-too-planeerimise-pohimotted.pdf\"><strong><span style=\"font-family: 'times new roman', times, serif; font-size: 12pt;\">9. \u00d5petajate koost\u00f6\u00f6 ja t\u00f6\u00f6 planeerimise p\u00f5him\u00f5tted<\/span><\/strong><\/a><\/p>\r\n<p><a href=\"https:\/\/laiusepk.edu.ee\/wp-content\/uploads\/2024\/09\/oppekava-uuendamine.pdf\"><strong><span style=\"font-family: 'times new roman', times, serif; font-size: 12pt;\">10. Kooli \u00f5ppekava uuendamise ja t\u00e4iendamise kord<\/span><\/strong><\/a><\/p>\r\n<p><span style=\"font-family: 'times new roman', times, serif; font-size: 12pt;\">\r\n\r\n<\/span><\/p>\r\n<p class=\"wp-block-paragraph\"><span style=\"font-family: 'times new roman', times, serif; font-size: 12pt; color: #3366ff;\"><strong>Ainevaldkonnad (uuendamisel)<\/strong><\/span><\/p>\r\n<p><a href=\"https:\/\/laiusepk.edu.ee\/?page_id=2615\"><span style=\"font-family: 'times new roman', times, serif; font-size: 12pt; color: #3366ff;\">Keel ja kirjandus<\/span><\/a><\/p>\r\n<p><a href=\"https:\/\/laiusepk.edu.ee\/?page_id=2611\"><span style=\"font-family: 'times new roman', times, serif; font-size: 12pt; color: #3366ff;\">V\u00f5\u00f5rkeel<\/span><\/a><\/p>\r\n<p><a href=\"https:\/\/laiusepk.edu.ee\/?page_id=2642\"><span style=\"font-family: 'times new roman', times, serif; font-size: 12pt; color: #3366ff;\">Matemaatika<\/span><\/a><\/p>\r\n<p><a href=\"https:\/\/laiusepk.edu.ee\/?page_id=2565\"><span style=\"font-family: 'times new roman', times, serif; font-size: 12pt; color: #3366ff;\">Loodusained<\/span><\/a><\/p>\r\n<p><a href=\"https:\/\/laiusepk.edu.ee\/?page_id=2559\"><span style=\"font-family: 'times new roman', times, serif; font-size: 12pt; color: #3366ff;\">Sotsiaalained<\/span><\/a><\/p>\r\n<p><a href=\"https:\/\/laiusepk.edu.ee\/?page_id=2655\"><span style=\"font-family: 'times new roman', times, serif; font-size: 12pt; color: #3366ff;\">Kunstiained<\/span><\/a><\/p>\r\n<p><a href=\"https:\/\/laiusepk.edu.ee\/?page_id=2681\"><span style=\"font-family: 'times new roman', times, serif; font-size: 12pt; color: #3366ff;\">Tehnoloogia<\/span><\/a><\/p>\r\n<p><a href=\"https:\/\/laiusepk.edu.ee\/?page_id=2523\"><span style=\"font-family: 'times new roman', times, serif; font-size: 12pt; color: #3366ff;\">Kehaline kasvatus<\/span><\/a><\/p>\r\n<p><a href=\"https:\/\/laiusepk.edu.ee\/?page_id=2697\"><span style=\"font-family: 'times new roman', times, serif; font-size: 12pt; color: #3366ff;\">Informaatika<\/span><\/a><\/p>\r\n<p><a href=\"https:\/\/laiusepk.edu.ee\/?page_id=2691\"><span style=\"font-family: 'times new roman', times, serif; font-size: 12pt; color: #3366ff;\">Ettev\u00f5tlus\u00f5petus<\/span><\/a><\/p>\r\n<p><span style=\"font-family: 'times new roman', times, serif; font-size: 12pt;\">\r\n\r\n<\/span><\/p>\r\n","protected":false},"excerpt":{"rendered":"<p>\u00d5ppekava\u00a0 1. Kooli erip\u00e4ra ning \u00f5ppe ja kasvatust\u00f6\u00f6 r\u00f5huasetused Kooli v\u00e4\u00e4rtused ja erip\u00e4ra Kooli \u00f5ppe ja kasvatuseesm\u00e4rgid Ainevaldkonnasisesed ja -\u00fclesed l\u00f5iminguv\u00f5imalused \u00dcldp\u00e4devuste kujundamise p\u00f5him\u00f5tted \u00d5ppekava l\u00e4bivate teemade k\u00e4sitlemise p\u00f5him\u00f5tted 2. \u00d5ppekorraldus Tunnijaotusplaan \u00f5ppeaineti ja klassiti Lisa n\u00e4dalatundide kasutamine ja valik\u00f5ppeained kooli \u00f5ppekavas V\u00f5\u00f5rkeelte valik 3. \u00d5ppekeskkond 4. III kooliastme loovt\u00f6\u00f6 5. \u00d5pilaste arengu ja \u00f5ppimise&hellip;<\/p>\n","protected":false},"author":1,"featured_media":0,"parent":98,"menu_order":0,"comment_status":"closed","ping_status":"closed","template":"","meta":{"_crdt_document":"","_uag_custom_page_level_css":"","footnotes":""},"class_list":["post-108","page","type-page","status-publish","hentry"],"uagb_featured_image_src":{"full":false,"thumbnail":false,"medium":false,"medium_large":false,"large":false,"1536x1536":false,"2048x2048":false,"post-thumbnail":false},"uagb_author_info":{"display_name":"admin","author_link":"https:\/\/laiusepk.edu.ee\/?author=1"},"uagb_comment_info":0,"uagb_excerpt":"\u00d5ppekava\u00a0 1. Kooli erip\u00e4ra ning \u00f5ppe ja kasvatust\u00f6\u00f6 r\u00f5huasetused Kooli v\u00e4\u00e4rtused ja erip\u00e4ra Kooli \u00f5ppe ja kasvatuseesm\u00e4rgid Ainevaldkonnasisesed ja -\u00fclesed l\u00f5iminguv\u00f5imalused \u00dcldp\u00e4devuste kujundamise p\u00f5him\u00f5tted \u00d5ppekava l\u00e4bivate teemade k\u00e4sitlemise p\u00f5him\u00f5tted 2. \u00d5ppekorraldus Tunnijaotusplaan \u00f5ppeaineti ja klassiti Lisa n\u00e4dalatundide kasutamine ja valik\u00f5ppeained kooli \u00f5ppekavas V\u00f5\u00f5rkeelte valik 3. \u00d5ppekeskkond 4. III kooliastme loovt\u00f6\u00f6 5. \u00d5pilaste arengu ja \u00f5ppimise&hellip;","_links":{"self":[{"href":"https:\/\/laiusepk.edu.ee\/index.php?rest_route=\/wp\/v2\/pages\/108","targetHints":{"allow":["GET"]}}],"collection":[{"href":"https:\/\/laiusepk.edu.ee\/index.php?rest_route=\/wp\/v2\/pages"}],"about":[{"href":"https:\/\/laiusepk.edu.ee\/index.php?rest_route=\/wp\/v2\/types\/page"}],"author":[{"embeddable":true,"href":"https:\/\/laiusepk.edu.ee\/index.php?rest_route=\/wp\/v2\/users\/1"}],"replies":[{"embeddable":true,"href":"https:\/\/laiusepk.edu.ee\/index.php?rest_route=%2Fwp%2Fv2%2Fcomments&post=108"}],"version-history":[{"count":46,"href":"https:\/\/laiusepk.edu.ee\/index.php?rest_route=\/wp\/v2\/pages\/108\/revisions"}],"predecessor-version":[{"id":2703,"href":"https:\/\/laiusepk.edu.ee\/index.php?rest_route=\/wp\/v2\/pages\/108\/revisions\/2703"}],"up":[{"embeddable":true,"href":"https:\/\/laiusepk.edu.ee\/index.php?rest_route=\/wp\/v2\/pages\/98"}],"wp:attachment":[{"href":"https:\/\/laiusepk.edu.ee\/index.php?rest_route=%2Fwp%2Fv2%2Fmedia&parent=108"}],"curies":[{"name":"wp","href":"https:\/\/api.w.org\/{rel}","templated":true}]}}