{"id":100,"date":"2018-08-01T08:56:22","date_gmt":"2018-08-01T06:56:22","guid":{"rendered":"http:\/\/laiusepk.edu.ee\/?page_id=100"},"modified":"2020-10-23T09:12:48","modified_gmt":"2020-10-23T07:12:48","slug":"lasteaia-oppekava","status":"publish","type":"page","link":"https:\/\/laiusepk.edu.ee\/?page_id=100","title":{"rendered":"Lasteaia \u00f5ppekava"},"content":{"rendered":"\r\n<p class=\"wp-block-paragraph\"><a href=\"https:\/\/laiusepk.edu.ee\/wp-content\/uploads\/2020\/10\/uldsatted_liik_ja_eripara.pdf\">1<strong><span style=\"font-family: 'times new roman', times, serif; font-size: 12pt;\">. \u00dclds\u00e4tted. Lasteasutuse liik ja erip\u00e4ra.<\/span><\/strong><\/a><\/p>\r\n<p><strong><span style=\"font-family: 'times new roman', times, serif; font-size: 12pt;\">\r\n\r\n<\/span><\/strong><\/p>\r\n<p class=\"wp-block-paragraph\"><strong><span style=\"font-family: 'times new roman', times, serif; font-size: 12pt;\"><a href=\"https:\/\/laiusepk.edu.ee\/wp-content\/uploads\/2020\/10\/kasvatustegevused_eesmargid_ja_pohimotted.pdf\">2. Lasteaia \u00f5ppe- ja kasvatustegevuse eesm\u00e4rgid ja p\u00f5him\u00f5tted<\/a><\/span><\/strong><\/p>\r\n<p><strong><span style=\"font-family: 'times new roman', times, serif; font-size: 12pt;\">\r\n\r\n<\/span><\/strong><\/p>\r\n<p class=\"wp-block-paragraph\"><strong><span style=\"font-family: 'times new roman', times, serif; font-size: 12pt;\"><a href=\"https:\/\/laiusepk.edu.ee\/wp-content\/uploads\/2020\/10\/oppe_ja_kasvatustegevuse_korraldus.pdf\">3. \u00d5ppe ja kasvatustegevuse korraldus<\/a><\/span><\/strong><\/p>\r\n<p><strong><span style=\"font-family: 'times new roman', times, serif; font-size: 12pt;\">\r\n\r\n<\/span><\/strong><\/p>\r\n<p class=\"wp-block-paragraph\"><strong><span style=\"font-family: 'times new roman', times, serif; font-size: 12pt;\"><a href=\"https:\/\/laiusepk.edu.ee\/wp-content\/uploads\/2020\/10\/arengu_analuus_ja_hindamine.pdf\">4. Lapse arengu anal\u00fc\u00fcsimise ja hindamise p\u00f5him\u00f5tted<\/a><\/span><\/strong><\/p>\r\n<p><strong><span style=\"font-family: 'times new roman', times, serif; font-size: 12pt;\">\r\n\r\n<\/span><\/strong><\/p>\r\n<p class=\"wp-block-paragraph\"><strong><span style=\"font-family: 'times new roman', times, serif; font-size: 12pt;\"><a href=\"https:\/\/laiusepk.edu.ee\/wp-content\/uploads\/2020\/10\/erivajadused.pdf\">5. Erivajadustega lapse arengu toetamise p\u00f5him\u00f5tted<\/a><\/span><\/strong><\/p>\r\n<p><strong><span style=\"font-family: 'times new roman', times, serif; font-size: 12pt;\">\r\n\r\n<\/span><\/strong><\/p>\r\n<p class=\"wp-block-paragraph\"><strong><span style=\"font-family: 'times new roman', times, serif; font-size: 12pt;\"><a href=\"https:\/\/laiusepk.edu.ee\/wp-content\/uploads\/2020\/10\/koostoo_lastevanematega.pdf\">6. Lapsevanematega koost\u00f6\u00f6 p\u00f5him\u00f5tted<\/a><\/span><\/strong><\/p>\r\n<p><strong><span style=\"font-family: 'times new roman', times, serif; font-size: 12pt;\">\r\n\r\n<\/span><\/strong><\/p>\r\n<p class=\"wp-block-paragraph\"><strong><span style=\"font-family: 'times new roman', times, serif; font-size: 12pt;\">7. \u00d5ppe ja kasvatustegevuse valdkonnad:\u00a0\u00a0\u00a0\u00a0<\/span><\/strong><\/p>\r\n<p><strong><span style=\"font-family: 'times new roman', times, serif; font-size: 12pt;\">\r\n\r\n<\/span><\/strong><\/p>\r\n<p class=\"wp-block-paragraph\"><strong><span style=\"font-family: 'times new roman', times, serif; font-size: 12pt;\"><a href=\"https:\/\/laiusepk.edu.ee\/wp-content\/uploads\/2020\/10\/valdkond_Mina_ja_keskkond.pdf\">&#8211; Valdkond \u201cMina ja keskkond\u201d<\/a>\u00a0\u00a0\u00a0<\/span><\/strong><\/p>\r\n<p><strong><span style=\"font-family: 'times new roman', times, serif; font-size: 12pt;\">\r\n\r\n<\/span><\/strong><\/p>\r\n<p class=\"wp-block-paragraph\"><strong><span style=\"font-family: 'times new roman', times, serif; font-size: 12pt;\">&#8211;\u00a0<a href=\"https:\/\/laiusepk.edu.ee\/wp-content\/uploads\/2020\/10\/valdkond_keel_ja_kone.pdf\">Valdkond \u201cKeel ja k\u00f5ne\u201d<\/a>\u00a0\u00a0\u00a0<\/span><\/strong><\/p>\r\n<p><strong><span style=\"font-family: 'times new roman', times, serif; font-size: 12pt;\">\r\n\r\n<\/span><\/strong><\/p>\r\n<p class=\"wp-block-paragraph\"><strong><span style=\"font-family: 'times new roman', times, serif; font-size: 12pt;\">&#8211;\u00a0<a href=\"https:\/\/laiusepk.edu.ee\/wp-content\/uploads\/2020\/10\/valdkond_matemaatika.pdf\">Valdkond \u201cMatemaatika\u201d<\/a>\u00a0\u00a0\u00a0<\/span><\/strong><\/p>\r\n<p><strong><span style=\"font-family: 'times new roman', times, serif; font-size: 12pt;\">\r\n\r\n<\/span><\/strong><\/p>\r\n<p class=\"wp-block-paragraph\"><strong><span style=\"font-family: 'times new roman', times, serif; font-size: 12pt;\">&#8211;\u00a0<a href=\"https:\/\/laiusepk.edu.ee\/wp-content\/uploads\/2020\/10\/valdkond_kunst.pdf\">Valdkond \u201cKunst\u201d<\/a>\u00a0\u00a0\u00a0<\/span><\/strong><\/p>\r\n<p><strong><span style=\"font-family: 'times new roman', times, serif; font-size: 12pt;\">\r\n\r\n<\/span><\/strong><\/p>\r\n<p class=\"wp-block-paragraph\"><strong><span style=\"font-family: 'times new roman', times, serif; font-size: 12pt;\">&#8211;\u00a0<a href=\"https:\/\/laiusepk.edu.ee\/wp-content\/uploads\/2020\/10\/valdkond_muusika.pdf\">Valdkond \u201cMuusika\u201d<\/a>\u00a0\u00a0\u00a0<\/span><\/strong><\/p>\r\n<p><strong><span style=\"font-family: 'times new roman', times, serif; font-size: 12pt;\">\r\n\r\n<\/span><\/strong><\/p>\r\n<p class=\"wp-block-paragraph\"><strong><span style=\"font-family: 'times new roman', times, serif; font-size: 12pt;\">&#8211;\u00a0<a href=\"https:\/\/laiusepk.edu.ee\/wp-content\/uploads\/2020\/10\/valdkond_liikumine.pdf\">Valdkond \u201cLiikumine\u201d<\/a><\/span><\/strong><\/p>\r\n<p><strong><span style=\"font-family: 'times new roman', times, serif; font-size: 12pt;\">\r\n\r\n<\/span><\/strong><\/p>\r\n<p class=\"wp-block-paragraph\"><strong><span style=\"font-family: 'times new roman', times, serif; font-size: 12pt;\"><a href=\"https:\/\/laiusepk.edu.ee\/wp-content\/uploads\/2020\/10\/uldoskused.pdf\">8. Lapse eeldatavad \u00fcldoskused<\/a><\/span><\/strong><\/p>\r\n<p><strong><span style=\"font-family: 'times new roman', times, serif; font-size: 12pt;\">\r\n\r\n<\/span><\/strong><\/p>\r\n<p class=\"wp-block-paragraph\"><strong><span style=\"font-family: 'times new roman', times, serif; font-size: 12pt;\"><a href=\"https:\/\/laiusepk.edu.ee\/wp-content\/uploads\/2020\/10\/arengu_jalgimise_tasandid.pdf\">9. Lapse arengu j\u00e4lgimine ja toetamine lasteaias<\/a><\/span><\/strong><\/p>\r\n","protected":false},"excerpt":{"rendered":"<p>1. \u00dclds\u00e4tted. Lasteasutuse liik ja erip\u00e4ra. 2. Lasteaia \u00f5ppe- ja kasvatustegevuse eesm\u00e4rgid ja p\u00f5him\u00f5tted 3. \u00d5ppe ja kasvatustegevuse korraldus 4. Lapse arengu anal\u00fc\u00fcsimise ja hindamise p\u00f5him\u00f5tted 5. Erivajadustega lapse arengu toetamise p\u00f5him\u00f5tted 6. Lapsevanematega koost\u00f6\u00f6 p\u00f5him\u00f5tted 7. \u00d5ppe ja kasvatustegevuse valdkonnad:\u00a0\u00a0\u00a0\u00a0 &#8211; Valdkond \u201cMina ja keskkond\u201d\u00a0\u00a0\u00a0 &#8211;\u00a0Valdkond \u201cKeel ja k\u00f5ne\u201d\u00a0\u00a0\u00a0 &#8211;\u00a0Valdkond \u201cMatemaatika\u201d\u00a0\u00a0\u00a0 &#8211;\u00a0Valdkond \u201cKunst\u201d\u00a0\u00a0\u00a0 &#8211;\u00a0Valdkond&hellip;<\/p>\n","protected":false},"author":1,"featured_media":0,"parent":98,"menu_order":0,"comment_status":"closed","ping_status":"closed","template":"","meta":{"_crdt_document":"","_uag_custom_page_level_css":"","footnotes":""},"class_list":["post-100","page","type-page","status-publish","hentry"],"uagb_featured_image_src":{"full":false,"thumbnail":false,"medium":false,"medium_large":false,"large":false,"1536x1536":false,"2048x2048":false,"post-thumbnail":false},"uagb_author_info":{"display_name":"admin","author_link":"https:\/\/laiusepk.edu.ee\/?author=1"},"uagb_comment_info":0,"uagb_excerpt":"1. \u00dclds\u00e4tted. Lasteasutuse liik ja erip\u00e4ra. 2. Lasteaia \u00f5ppe- ja kasvatustegevuse eesm\u00e4rgid ja p\u00f5him\u00f5tted 3. \u00d5ppe ja kasvatustegevuse korraldus 4. Lapse arengu anal\u00fc\u00fcsimise ja hindamise p\u00f5him\u00f5tted 5. Erivajadustega lapse arengu toetamise p\u00f5him\u00f5tted 6. Lapsevanematega koost\u00f6\u00f6 p\u00f5him\u00f5tted 7. \u00d5ppe ja kasvatustegevuse valdkonnad:\u00a0\u00a0\u00a0\u00a0 &#8211; Valdkond \u201cMina ja keskkond\u201d\u00a0\u00a0\u00a0 &#8211;\u00a0Valdkond \u201cKeel ja k\u00f5ne\u201d\u00a0\u00a0\u00a0 &#8211;\u00a0Valdkond \u201cMatemaatika\u201d\u00a0\u00a0\u00a0 &#8211;\u00a0Valdkond \u201cKunst\u201d\u00a0\u00a0\u00a0 &#8211;\u00a0Valdkond&hellip;","_links":{"self":[{"href":"https:\/\/laiusepk.edu.ee\/index.php?rest_route=\/wp\/v2\/pages\/100","targetHints":{"allow":["GET"]}}],"collection":[{"href":"https:\/\/laiusepk.edu.ee\/index.php?rest_route=\/wp\/v2\/pages"}],"about":[{"href":"https:\/\/laiusepk.edu.ee\/index.php?rest_route=\/wp\/v2\/types\/page"}],"author":[{"embeddable":true,"href":"https:\/\/laiusepk.edu.ee\/index.php?rest_route=\/wp\/v2\/users\/1"}],"replies":[{"embeddable":true,"href":"https:\/\/laiusepk.edu.ee\/index.php?rest_route=%2Fwp%2Fv2%2Fcomments&post=100"}],"version-history":[{"count":4,"href":"https:\/\/laiusepk.edu.ee\/index.php?rest_route=\/wp\/v2\/pages\/100\/revisions"}],"predecessor-version":[{"id":1332,"href":"https:\/\/laiusepk.edu.ee\/index.php?rest_route=\/wp\/v2\/pages\/100\/revisions\/1332"}],"up":[{"embeddable":true,"href":"https:\/\/laiusepk.edu.ee\/index.php?rest_route=\/wp\/v2\/pages\/98"}],"wp:attachment":[{"href":"https:\/\/laiusepk.edu.ee\/index.php?rest_route=%2Fwp%2Fv2%2Fmedia&parent=100"}],"curies":[{"name":"wp","href":"https:\/\/api.w.org\/{rel}","templated":true}]}}